{"id":18,"date":"2025-02-24T15:24:31","date_gmt":"2025-02-24T14:24:31","guid":{"rendered":"https:\/\/kornygames.cz\/?page_id=18"},"modified":"2025-06-08T10:30:26","modified_gmt":"2025-06-08T08:30:26","slug":"domu","status":"publish","type":"page","link":"https:\/\/kornygames.cz\/en\/","title":{"rendered":"Dom\u016f"},"content":{"rendered":"\t\t<div data-elementor-type=\"wp-page\" data-elementor-id=\"18\" class=\"elementor elementor-18\" data-elementor-post-type=\"page\">\n\t\t\t\t<div class=\"elementor-element elementor-element-eb0a3b1 e-flex e-con-boxed e-con e-parent\" data-id=\"eb0a3b1\" data-element_type=\"container\" data-e-type=\"container\">\n\t\t\t\t\t<div class=\"e-con-inner\">\n\t\t\t\t<div class=\"elementor-element elementor-element-70a9964 elementor-widget elementor-widget-heading\" data-id=\"70a9964\" data-element_type=\"widget\" data-e-type=\"widget\" data-widget_type=\"heading.default\">\n\t\t\t\t<div class=\"elementor-widget-container\">\n\t\t\t\t\t<h2 class=\"elementor-heading-title elementor-size-default\">V\u00edtejte na str\u00e1nk\u00e1ch Korny Games<\/h2>\t\t\t\t<\/div>\n\t\t\t\t<\/div>\n\t\t\t\t<div class=\"elementor-element elementor-element-62fbba9 elementor-widget elementor-widget-text-editor\" data-id=\"62fbba9\" data-element_type=\"widget\" data-e-type=\"widget\" data-widget_type=\"text-editor.default\">\n\t\t\t\t<div class=\"elementor-widget-container\">\n\t\t\t\t\t\t\t\t\t<div id=\"generated\"><div id=\"generated_padding\"><p class=\"\" data-start=\"0\" data-end=\"164\"><span class=\"relative -mx-px my-[-0.2rem] rounded-sm px-px py-[0.2rem]\">Korny Games je mal\u00e9 indie hern\u00ed studio, kter\u00e9 p\u0159ipravuje svou prvn\u00ed hru s n\u00e1zvem &#8222;Metro Driver: Prague&#8220;.<\/span> <span class=\"relative -mx-px my-[-0.2rem] rounded-sm px-px py-[0.2rem]\">Tato hra nab\u00edz\u00ed hr\u00e1\u010d\u016fm mo\u017enost st\u00e1t se strojvedouc\u00edm pra\u017esk\u00e9ho metra C a prozkoumat podzemn\u00ed sv\u011bt hlavn\u00edho m\u011bsta z kabiny vlaku.<\/span> <span class=\"relative -mx-px my-[-0.2rem] rounded-sm px-px py-[0.2rem]\">Hr\u00e1\u010di budou \u010delit r\u016fzn\u00fdm v\u00fdzv\u00e1m, jako je dodr\u017eov\u00e1n\u00ed j\u00edzdn\u00edho \u0159\u00e1du, p\u0159eprava cestuj\u00edc\u00edch a zvl\u00e1d\u00e1n\u00ed ne\u010dekan\u00fdch situac\u00ed.<\/span>\u200b<\/p><p class=\"\" data-start=\"0\" data-end=\"164\">V budoucnu se chceme zam\u011b\u0159it i na dal\u0161\u00ed \u017e\u00e1nry her a postupn\u011b se rozv\u00edjet.<\/p><\/div><\/div>\t\t\t\t\t\t\t\t<\/div>\n\t\t\t\t<\/div>\n\t\t\t\t\t<\/div>\n\t\t\t\t<\/div>\n\t\t\t\t<\/div>\n\t\t","protected":false},"excerpt":{"rendered":"<p>V\u00edtejte na str\u00e1nk\u00e1ch Korny Games Korny Games je mal\u00e9 indie hern\u00ed studio, kter\u00e9 p\u0159ipravuje svou prvn\u00ed hru s n\u00e1zvem &#8222;Metro Driver: Prague&#8220;. Tato hra nab\u00edz\u00ed hr\u00e1\u010d\u016fm mo\u017enost st\u00e1t se strojvedouc\u00edm pra\u017esk\u00e9ho metra C a prozkoumat podzemn\u00ed sv\u011bt hlavn\u00edho m\u011bsta z kabiny vlaku. Hr\u00e1\u010di budou \u010delit r\u016fzn\u00fdm v\u00fdzv\u00e1m, jako je dodr\u017eov\u00e1n\u00ed j\u00edzdn\u00edho \u0159\u00e1du, p\u0159eprava cestuj\u00edc\u00edch a [&hellip;]<\/p>\n","protected":false},"author":1,"featured_media":0,"parent":0,"menu_order":0,"comment_status":"closed","ping_status":"closed","template":"","meta":{"footnotes":""},"class_list":["post-18","page","type-page","status-publish","hentry"],"yoast_head":"<!-- This site is optimized with the Yoast SEO Premium plugin v25.6 (Yoast SEO v27.0) - https:\/\/yoast.com\/product\/yoast-seo-premium-wordpress\/ -->\n<title>Dom\u016f - Korny Games<\/title>\n<meta name=\"robots\" content=\"index, follow, max-snippet:-1, max-image-preview:large, max-video-preview:-1\" \/>\n<link rel=\"canonical\" href=\"https:\/\/kornygames.cz\/en\/\" \/>\n<meta property=\"og:locale\" content=\"en_US\" \/>\n<meta property=\"og:type\" content=\"article\" \/>\n<meta property=\"og:title\" content=\"Dom\u016f\" \/>\n<meta property=\"og:description\" content=\"V\u00edtejte na str\u00e1nk\u00e1ch Korny Games Korny Games je mal\u00e9 indie hern\u00ed studio, kter\u00e9 p\u0159ipravuje svou prvn\u00ed hru s n\u00e1zvem &#8222;Metro Driver: Prague&#8220;. Tato hra nab\u00edz\u00ed hr\u00e1\u010d\u016fm mo\u017enost st\u00e1t se strojvedouc\u00edm pra\u017esk\u00e9ho metra C a prozkoumat podzemn\u00ed sv\u011bt hlavn\u00edho m\u011bsta z kabiny vlaku. Hr\u00e1\u010di budou \u010delit r\u016fzn\u00fdm v\u00fdzv\u00e1m, jako je dodr\u017eov\u00e1n\u00ed j\u00edzdn\u00edho \u0159\u00e1du, p\u0159eprava cestuj\u00edc\u00edch a [&hellip;]\" \/>\n<meta property=\"og:url\" content=\"https:\/\/kornygames.cz\/en\/\" \/>\n<meta property=\"og:site_name\" content=\"Korny Games\" \/>\n<meta property=\"article:modified_time\" content=\"2025-06-08T08:30:26+00:00\" \/>\n<meta name=\"twitter:card\" content=\"summary_large_image\" \/>\n<meta name=\"twitter:label1\" content=\"Est. reading time\" \/>\n\t<meta name=\"twitter:data1\" content=\"1 minute\" \/>\n<script type=\"application\/ld+json\" class=\"yoast-schema-graph\">{\"@context\":\"https:\/\/schema.org\",\"@graph\":[{\"@type\":\"WebPage\",\"@id\":\"https:\/\/kornygames.cz\/\",\"url\":\"https:\/\/kornygames.cz\/\",\"name\":\"Dom\u016f - Korny Games\",\"isPartOf\":{\"@id\":\"https:\/\/kornygames.cz\/#website\"},\"datePublished\":\"2025-02-24T14:24:31+00:00\",\"dateModified\":\"2025-06-08T08:30:26+00:00\",\"breadcrumb\":{\"@id\":\"https:\/\/kornygames.cz\/#breadcrumb\"},\"inLanguage\":\"en-US\",\"potentialAction\":[{\"@type\":\"ReadAction\",\"target\":[\"https:\/\/kornygames.cz\/\"]}]},{\"@type\":\"BreadcrumbList\",\"@id\":\"https:\/\/kornygames.cz\/#breadcrumb\",\"itemListElement\":[{\"@type\":\"ListItem\",\"position\":1,\"name\":\"Dom\u016f\",\"item\":\"https:\/\/kornygames.cz\/\"},{\"@type\":\"ListItem\",\"position\":2,\"name\":\"Dom\u016f\"}]},{\"@type\":\"WebSite\",\"@id\":\"https:\/\/kornygames.cz\/#website\",\"url\":\"https:\/\/kornygames.cz\/\",\"name\":\"Korny Games\",\"description\":\"v\u00fdvoj her a simul\u00e1tor\u016f\",\"publisher\":{\"@id\":\"https:\/\/kornygames.cz\/#organization\"},\"potentialAction\":[{\"@type\":\"SearchAction\",\"target\":{\"@type\":\"EntryPoint\",\"urlTemplate\":\"https:\/\/kornygames.cz\/?s={search_term_string}\"},\"query-input\":{\"@type\":\"PropertyValueSpecification\",\"valueRequired\":true,\"valueName\":\"search_term_string\"}}],\"inLanguage\":\"en-US\"},{\"@type\":\"Organization\",\"@id\":\"https:\/\/kornygames.cz\/#organization\",\"name\":\"Korny Games\",\"url\":\"https:\/\/kornygames.cz\/\",\"logo\":{\"@type\":\"ImageObject\",\"inLanguage\":\"en-US\",\"@id\":\"https:\/\/kornygames.cz\/#\/schema\/logo\/image\/\",\"url\":\"https:\/\/kornygames.cz\/wp-content\/uploads\/2025\/02\/korny_fnl-kopie.png\",\"contentUrl\":\"https:\/\/kornygames.cz\/wp-content\/uploads\/2025\/02\/korny_fnl-kopie.png\",\"width\":1094,\"height\":164,\"caption\":\"Korny Games\"},\"image\":{\"@id\":\"https:\/\/kornygames.cz\/#\/schema\/logo\/image\/\"}}]}<\/script>\n<!-- \/ Yoast SEO Premium plugin. -->","yoast_head_json":{"title":"Dom\u016f - Korny Games","robots":{"index":"index","follow":"follow","max-snippet":"max-snippet:-1","max-image-preview":"max-image-preview:large","max-video-preview":"max-video-preview:-1"},"canonical":"https:\/\/kornygames.cz\/en\/","og_locale":"en_US","og_type":"article","og_title":"Dom\u016f","og_description":"V\u00edtejte na str\u00e1nk\u00e1ch Korny Games Korny Games je mal\u00e9 indie hern\u00ed studio, kter\u00e9 p\u0159ipravuje svou prvn\u00ed hru s n\u00e1zvem &#8222;Metro Driver: Prague&#8220;. Tato hra nab\u00edz\u00ed hr\u00e1\u010d\u016fm mo\u017enost st\u00e1t se strojvedouc\u00edm pra\u017esk\u00e9ho metra C a prozkoumat podzemn\u00ed sv\u011bt hlavn\u00edho m\u011bsta z kabiny vlaku. Hr\u00e1\u010di budou \u010delit r\u016fzn\u00fdm v\u00fdzv\u00e1m, jako je dodr\u017eov\u00e1n\u00ed j\u00edzdn\u00edho \u0159\u00e1du, p\u0159eprava cestuj\u00edc\u00edch a [&hellip;]","og_url":"https:\/\/kornygames.cz\/en\/","og_site_name":"Korny Games","article_modified_time":"2025-06-08T08:30:26+00:00","twitter_card":"summary_large_image","twitter_misc":{"Est. reading time":"1 minute"},"schema":{"@context":"https:\/\/schema.org","@graph":[{"@type":"WebPage","@id":"https:\/\/kornygames.cz\/","url":"https:\/\/kornygames.cz\/","name":"Dom\u016f - Korny Games","isPartOf":{"@id":"https:\/\/kornygames.cz\/#website"},"datePublished":"2025-02-24T14:24:31+00:00","dateModified":"2025-06-08T08:30:26+00:00","breadcrumb":{"@id":"https:\/\/kornygames.cz\/#breadcrumb"},"inLanguage":"en-US","potentialAction":[{"@type":"ReadAction","target":["https:\/\/kornygames.cz\/"]}]},{"@type":"BreadcrumbList","@id":"https:\/\/kornygames.cz\/#breadcrumb","itemListElement":[{"@type":"ListItem","position":1,"name":"Dom\u016f","item":"https:\/\/kornygames.cz\/"},{"@type":"ListItem","position":2,"name":"Dom\u016f"}]},{"@type":"WebSite","@id":"https:\/\/kornygames.cz\/#website","url":"https:\/\/kornygames.cz\/","name":"Korny Games","description":"v\u00fdvoj her a simul\u00e1tor\u016f","publisher":{"@id":"https:\/\/kornygames.cz\/#organization"},"potentialAction":[{"@type":"SearchAction","target":{"@type":"EntryPoint","urlTemplate":"https:\/\/kornygames.cz\/?s={search_term_string}"},"query-input":{"@type":"PropertyValueSpecification","valueRequired":true,"valueName":"search_term_string"}}],"inLanguage":"en-US"},{"@type":"Organization","@id":"https:\/\/kornygames.cz\/#organization","name":"Korny Games","url":"https:\/\/kornygames.cz\/","logo":{"@type":"ImageObject","inLanguage":"en-US","@id":"https:\/\/kornygames.cz\/#\/schema\/logo\/image\/","url":"https:\/\/kornygames.cz\/wp-content\/uploads\/2025\/02\/korny_fnl-kopie.png","contentUrl":"https:\/\/kornygames.cz\/wp-content\/uploads\/2025\/02\/korny_fnl-kopie.png","width":1094,"height":164,"caption":"Korny Games"},"image":{"@id":"https:\/\/kornygames.cz\/#\/schema\/logo\/image\/"}}]}},"_links":{"self":[{"href":"https:\/\/kornygames.cz\/en\/wp-json\/wp\/v2\/pages\/18","targetHints":{"allow":["GET"]}}],"collection":[{"href":"https:\/\/kornygames.cz\/en\/wp-json\/wp\/v2\/pages"}],"about":[{"href":"https:\/\/kornygames.cz\/en\/wp-json\/wp\/v2\/types\/page"}],"author":[{"embeddable":true,"href":"https:\/\/kornygames.cz\/en\/wp-json\/wp\/v2\/users\/1"}],"replies":[{"embeddable":true,"href":"https:\/\/kornygames.cz\/en\/wp-json\/wp\/v2\/comments?post=18"}],"version-history":[{"count":37,"href":"https:\/\/kornygames.cz\/en\/wp-json\/wp\/v2\/pages\/18\/revisions"}],"predecessor-version":[{"id":340,"href":"https:\/\/kornygames.cz\/en\/wp-json\/wp\/v2\/pages\/18\/revisions\/340"}],"wp:attachment":[{"href":"https:\/\/kornygames.cz\/en\/wp-json\/wp\/v2\/media?parent=18"}],"curies":[{"name":"wp","href":"https:\/\/api.w.org\/{rel}","templated":true}]}}