{"id":19,"date":"2025-02-24T15:24:31","date_gmt":"2025-02-24T14:24:31","guid":{"rendered":"https:\/\/kornygames.cz\/?page_id=19"},"modified":"2025-10-19T17:59:13","modified_gmt":"2025-10-19T15:59:13","slug":"projekty","status":"publish","type":"page","link":"https:\/\/kornygames.cz\/en\/projekty\/","title":{"rendered":"Projekty"},"content":{"rendered":"<div data-elementor-type=\"wp-page\" data-elementor-id=\"19\" class=\"elementor elementor-19\" data-elementor-post-type=\"page\">\n\t\t\t\t<div class=\"elementor-element elementor-element-3d10c79 e-flex e-con-boxed e-con e-parent\" data-id=\"3d10c79\" data-element_type=\"container\" data-e-type=\"container\" data-settings=\"{&quot;background_background&quot;:&quot;classic&quot;}\">\n\t\t\t\t\t<div class=\"e-con-inner\">\n\t\t<div class=\"elementor-element elementor-element-312a98c e-con-full e-flex e-con e-child\" data-id=\"312a98c\" data-element_type=\"container\" data-e-type=\"container\">\n\t\t\t\t<div class=\"elementor-element elementor-element-07c1d71 elementor-widget elementor-widget-heading\" data-id=\"07c1d71\" data-element_type=\"widget\" data-e-type=\"widget\" data-widget_type=\"heading.default\">\n\t\t\t\t<div class=\"elementor-widget-container\">\n\t\t\t\t\t<h2 class=\"elementor-heading-title elementor-size-default\">Metro Driver: Prague<\/h2>\t\t\t\t<\/div>\n\t\t\t\t<\/div>\n\t\t\t\t<\/div>\n\t\t<div class=\"elementor-element elementor-element-1665814 e-con-full e-flex e-con e-child\" data-id=\"1665814\" data-element_type=\"container\" data-e-type=\"container\">\n\t\t\t\t<div class=\"elementor-element elementor-element-0150f03 elementor-widget elementor-widget-image\" data-id=\"0150f03\" data-element_type=\"widget\" data-e-type=\"widget\" data-widget_type=\"image.default\">\n\t\t\t\t<div class=\"elementor-widget-container\">\n\t\t\t\t\t\t\t\t\t\t\t\t<figure class=\"wp-caption\">\n\t\t\t\t\t\t\t\t\t\t<img decoding=\"async\" src=\"https:\/\/kornygames.cz\/wp-content\/uploads\/elementor\/thumbs\/logo_MDP-ra35n19dg8y6lzgv677douyoftnor63kttfv8e9ulo.jpg\" title=\"logo_MDP\" alt=\"logo_MDP\" loading=\"lazy\" \/>\t\t\t\t\t\t\t\t\t\t\t<figcaption class=\"widget-image-caption wp-caption-text\"><\/figcaption>\n\t\t\t\t\t\t\t\t\t\t<\/figure>\n\t\t\t\t\t\t\t\t\t<\/div>\n\t\t\t\t<\/div>\n\t\t\t\t<\/div>\n\t\t<div class=\"elementor-element elementor-element-a35cfb3 e-con-full e-flex e-con e-child\" data-id=\"a35cfb3\" data-element_type=\"container\" data-e-type=\"container\">\n\t\t\t\t<div class=\"elementor-element elementor-element-5fdee1a elementor-widget elementor-widget-text-editor\" data-id=\"5fdee1a\" data-element_type=\"widget\" data-e-type=\"widget\" data-widget_type=\"text-editor.default\">\n\t\t\t\t<div class=\"elementor-widget-container\">\n\t\t\t\t\t\t\t\t\t<p>Platforma: PC (Windows)<br \/>Posledn\u00ed verze: &#8211;<br \/>Prost\u0159edky: Metro<br \/>Jazyk: CZ, EN<br \/>Zem\u011b: \u010cesk\u00e1 republika<br \/>M\u011bsto: Praha<br \/>Linka: C<br \/>Cena: &#8211;<\/p><p>Stav: Ve v\u00fdvoji<\/p>\t\t\t\t\t\t\t\t<\/div>\n\t\t\t\t<\/div>\n\t\t\t\t<div class=\"elementor-element elementor-element-df916ca elementor-widget elementor-widget-progress\" data-id=\"df916ca\" data-element_type=\"widget\" data-e-type=\"widget\" data-widget_type=\"progress.default\">\n\t\t\t\t<div class=\"elementor-widget-container\">\n\t\t\t\t\t\t\t\t<p class=\"elementor-title\" id=\"elementor-progress-bar-df916ca\">\n\t\t\t\tV\u00fdvoj\t\t\t<\/p>\n\t\t\n\t\t<div aria-labelledby=\"elementor-progress-bar-df916ca\" class=\"elementor-progress-wrapper\" role=\"progressbar\" aria-valuemin=\"0\" aria-valuemax=\"100\" aria-valuenow=\"40\">\n\t\t\t<div class=\"elementor-progress-bar\" data-max=\"40\">\n\t\t\t\t<span class=\"elementor-progress-text\"><\/span>\n\t\t\t\t\t\t\t\t\t<span class=\"elementor-progress-percentage\">40%<\/span>\n\t\t\t\t\t\t\t<\/div>\n\t\t<\/div>\n\t\t\t\t\t\t<\/div>\n\t\t\t\t<\/div>\n\t\t\t\t<\/div>\n\t\t<div class=\"elementor-element elementor-element-3293fbb e-con-full e-flex e-con e-child\" data-id=\"3293fbb\" data-element_type=\"container\" data-e-type=\"container\">\n\t\t\t\t<div class=\"elementor-element elementor-element-06ddf95 elementor-widget elementor-widget-text-editor\" data-id=\"06ddf95\" data-element_type=\"widget\" data-e-type=\"widget\" data-widget_type=\"text-editor.default\">\n\t\t\t\t<div class=\"elementor-widget-container\">\n\t\t\t\t\t\t\t\t\t<p>Metro Driver: Prague se zam\u011b\u0159uje na podzemn\u00ed linku pra\u017esk\u00e9ho metra =C=.<br \/>Do hry zapracov\u00e1v\u00e1me mo\u017enost voln\u00e9ho pohybu po map\u011b a mo\u017enost volby sm\u011bn.<br \/>V sou\u010dasn\u00e9 dob\u011b m\u00e1me hotov\u00e9 v\u0161echny modely stanic a nyn\u00ed pracujeme na zapracov\u00e1n\u00ed do UE5.<\/p>\t\t\t\t\t\t\t\t<\/div>\n\t\t\t\t<\/div>\n\t\t\t\t<\/div>\n\t\t\t\t\t<\/div>\n\t\t\t\t<\/div>\n\t\t\t\t<\/div>","protected":false},"excerpt":{"rendered":"<p>Metro Driver: Prague Platforma: PC (Windows)Posledn\u00ed verze: &#8211;Prost\u0159edky: MetroJazyk: CZ, ENZem\u011b: \u010cesk\u00e1 republikaM\u011bsto: PrahaLinka: CCena: &#8211; Stav: Ve v\u00fdvoji V\u00fdvoj 40% Metro Driver: Prague se zam\u011b\u0159uje na podzemn\u00ed linku pra\u017esk\u00e9ho metra =C=.Do hry zapracov\u00e1v\u00e1me mo\u017enost voln\u00e9ho pohybu po map\u011b a mo\u017enost volby sm\u011bn.V sou\u010dasn\u00e9 dob\u011b m\u00e1me hotov\u00e9 v\u0161echny modely stanic a nyn\u00ed pracujeme na zapracov\u00e1n\u00ed [&hellip;]<\/p>\n","protected":false},"author":1,"featured_media":0,"parent":0,"menu_order":0,"comment_status":"closed","ping_status":"closed","template":"","meta":{"footnotes":""},"class_list":["post-19","page","type-page","status-publish","hentry"],"yoast_head":"<!-- This site is optimized with the Yoast SEO Premium plugin v25.6 (Yoast SEO v27.0) - https:\/\/yoast.com\/product\/yoast-seo-premium-wordpress\/ -->\n<title>Projekty - Korny Games<\/title>\n<meta name=\"robots\" content=\"index, follow, max-snippet:-1, max-image-preview:large, max-video-preview:-1\" \/>\n<link rel=\"canonical\" href=\"https:\/\/kornygames.cz\/en\/projekty\/\" \/>\n<meta property=\"og:locale\" content=\"en_US\" \/>\n<meta property=\"og:type\" content=\"article\" \/>\n<meta property=\"og:title\" content=\"Projekty\" \/>\n<meta property=\"og:description\" content=\"Metro Driver: Prague Platforma: PC (Windows)Posledn\u00ed verze: &#8211;Prost\u0159edky: MetroJazyk: CZ, ENZem\u011b: \u010cesk\u00e1 republikaM\u011bsto: PrahaLinka: CCena: &#8211; Stav: Ve v\u00fdvoji V\u00fdvoj 40% Metro Driver: Prague se zam\u011b\u0159uje na podzemn\u00ed linku pra\u017esk\u00e9ho metra =C=.Do hry zapracov\u00e1v\u00e1me mo\u017enost voln\u00e9ho pohybu po map\u011b a mo\u017enost volby sm\u011bn.V sou\u010dasn\u00e9 dob\u011b m\u00e1me hotov\u00e9 v\u0161echny modely stanic a nyn\u00ed pracujeme na zapracov\u00e1n\u00ed [&hellip;]\" \/>\n<meta property=\"og:url\" content=\"https:\/\/kornygames.cz\/en\/projekty\/\" \/>\n<meta property=\"og:site_name\" content=\"Korny Games\" \/>\n<meta property=\"article:modified_time\" content=\"2025-10-19T15:59:13+00:00\" \/>\n<meta property=\"og:image\" content=\"https:\/\/kornygames.cz\/wp-content\/uploads\/elementor\/thumbs\/logo_MDP-ra35n19dg8y6lzgv677douyoftnor63kttfv8e9ulo.jpg\" \/>\n<meta name=\"twitter:card\" content=\"summary_large_image\" \/>\n<meta name=\"twitter:label1\" content=\"Est. reading time\" \/>\n\t<meta name=\"twitter:data1\" content=\"1 minute\" \/>\n<script type=\"application\/ld+json\" class=\"yoast-schema-graph\">{\"@context\":\"https:\/\/schema.org\",\"@graph\":[{\"@type\":\"WebPage\",\"@id\":\"https:\/\/kornygames.cz\/projekty\/\",\"url\":\"https:\/\/kornygames.cz\/projekty\/\",\"name\":\"Projekty - Korny Games\",\"isPartOf\":{\"@id\":\"https:\/\/kornygames.cz\/#website\"},\"primaryImageOfPage\":{\"@id\":\"https:\/\/kornygames.cz\/projekty\/#primaryimage\"},\"image\":{\"@id\":\"https:\/\/kornygames.cz\/projekty\/#primaryimage\"},\"thumbnailUrl\":\"https:\/\/kornygames.cz\/wp-content\/uploads\/elementor\/thumbs\/logo_MDP-ra35n19dg8y6lzgv677douyoftnor63kttfv8e9ulo.jpg\",\"datePublished\":\"2025-02-24T14:24:31+00:00\",\"dateModified\":\"2025-10-19T15:59:13+00:00\",\"breadcrumb\":{\"@id\":\"https:\/\/kornygames.cz\/projekty\/#breadcrumb\"},\"inLanguage\":\"en-US\",\"potentialAction\":[{\"@type\":\"ReadAction\",\"target\":[\"https:\/\/kornygames.cz\/projekty\/\"]}]},{\"@type\":\"ImageObject\",\"inLanguage\":\"en-US\",\"@id\":\"https:\/\/kornygames.cz\/projekty\/#primaryimage\",\"url\":\"https:\/\/kornygames.cz\/wp-content\/uploads\/elementor\/thumbs\/logo_MDP-ra35n19dg8y6lzgv677douyoftnor63kttfv8e9ulo.jpg\",\"contentUrl\":\"https:\/\/kornygames.cz\/wp-content\/uploads\/elementor\/thumbs\/logo_MDP-ra35n19dg8y6lzgv677douyoftnor63kttfv8e9ulo.jpg\"},{\"@type\":\"BreadcrumbList\",\"@id\":\"https:\/\/kornygames.cz\/projekty\/#breadcrumb\",\"itemListElement\":[{\"@type\":\"ListItem\",\"position\":1,\"name\":\"Dom\u016f\",\"item\":\"https:\/\/kornygames.cz\/\"},{\"@type\":\"ListItem\",\"position\":2,\"name\":\"Projekty\"}]},{\"@type\":\"WebSite\",\"@id\":\"https:\/\/kornygames.cz\/#website\",\"url\":\"https:\/\/kornygames.cz\/\",\"name\":\"Korny Games\",\"description\":\"v\u00fdvoj her a simul\u00e1tor\u016f\",\"publisher\":{\"@id\":\"https:\/\/kornygames.cz\/#organization\"},\"potentialAction\":[{\"@type\":\"SearchAction\",\"target\":{\"@type\":\"EntryPoint\",\"urlTemplate\":\"https:\/\/kornygames.cz\/?s={search_term_string}\"},\"query-input\":{\"@type\":\"PropertyValueSpecification\",\"valueRequired\":true,\"valueName\":\"search_term_string\"}}],\"inLanguage\":\"en-US\"},{\"@type\":\"Organization\",\"@id\":\"https:\/\/kornygames.cz\/#organization\",\"name\":\"Korny Games\",\"url\":\"https:\/\/kornygames.cz\/\",\"logo\":{\"@type\":\"ImageObject\",\"inLanguage\":\"en-US\",\"@id\":\"https:\/\/kornygames.cz\/#\/schema\/logo\/image\/\",\"url\":\"https:\/\/kornygames.cz\/wp-content\/uploads\/2025\/02\/korny_fnl-kopie.png\",\"contentUrl\":\"https:\/\/kornygames.cz\/wp-content\/uploads\/2025\/02\/korny_fnl-kopie.png\",\"width\":1094,\"height\":164,\"caption\":\"Korny Games\"},\"image\":{\"@id\":\"https:\/\/kornygames.cz\/#\/schema\/logo\/image\/\"}}]}<\/script>\n<!-- \/ Yoast SEO Premium plugin. -->","yoast_head_json":{"title":"Projekty - Korny Games","robots":{"index":"index","follow":"follow","max-snippet":"max-snippet:-1","max-image-preview":"max-image-preview:large","max-video-preview":"max-video-preview:-1"},"canonical":"https:\/\/kornygames.cz\/en\/projekty\/","og_locale":"en_US","og_type":"article","og_title":"Projekty","og_description":"Metro Driver: Prague Platforma: PC (Windows)Posledn\u00ed verze: &#8211;Prost\u0159edky: MetroJazyk: CZ, ENZem\u011b: \u010cesk\u00e1 republikaM\u011bsto: PrahaLinka: CCena: &#8211; Stav: Ve v\u00fdvoji V\u00fdvoj 40% Metro Driver: Prague se zam\u011b\u0159uje na podzemn\u00ed linku pra\u017esk\u00e9ho metra =C=.Do hry zapracov\u00e1v\u00e1me mo\u017enost voln\u00e9ho pohybu po map\u011b a mo\u017enost volby sm\u011bn.V sou\u010dasn\u00e9 dob\u011b m\u00e1me hotov\u00e9 v\u0161echny modely stanic a nyn\u00ed pracujeme na zapracov\u00e1n\u00ed [&hellip;]","og_url":"https:\/\/kornygames.cz\/en\/projekty\/","og_site_name":"Korny Games","article_modified_time":"2025-10-19T15:59:13+00:00","og_image":[{"url":"https:\/\/kornygames.cz\/wp-content\/uploads\/elementor\/thumbs\/logo_MDP-ra35n19dg8y6lzgv677douyoftnor63kttfv8e9ulo.jpg","type":"","width":"","height":""}],"twitter_card":"summary_large_image","twitter_misc":{"Est. reading time":"1 minute"},"schema":{"@context":"https:\/\/schema.org","@graph":[{"@type":"WebPage","@id":"https:\/\/kornygames.cz\/projekty\/","url":"https:\/\/kornygames.cz\/projekty\/","name":"Projekty - Korny Games","isPartOf":{"@id":"https:\/\/kornygames.cz\/#website"},"primaryImageOfPage":{"@id":"https:\/\/kornygames.cz\/projekty\/#primaryimage"},"image":{"@id":"https:\/\/kornygames.cz\/projekty\/#primaryimage"},"thumbnailUrl":"https:\/\/kornygames.cz\/wp-content\/uploads\/elementor\/thumbs\/logo_MDP-ra35n19dg8y6lzgv677douyoftnor63kttfv8e9ulo.jpg","datePublished":"2025-02-24T14:24:31+00:00","dateModified":"2025-10-19T15:59:13+00:00","breadcrumb":{"@id":"https:\/\/kornygames.cz\/projekty\/#breadcrumb"},"inLanguage":"en-US","potentialAction":[{"@type":"ReadAction","target":["https:\/\/kornygames.cz\/projekty\/"]}]},{"@type":"ImageObject","inLanguage":"en-US","@id":"https:\/\/kornygames.cz\/projekty\/#primaryimage","url":"https:\/\/kornygames.cz\/wp-content\/uploads\/elementor\/thumbs\/logo_MDP-ra35n19dg8y6lzgv677douyoftnor63kttfv8e9ulo.jpg","contentUrl":"https:\/\/kornygames.cz\/wp-content\/uploads\/elementor\/thumbs\/logo_MDP-ra35n19dg8y6lzgv677douyoftnor63kttfv8e9ulo.jpg"},{"@type":"BreadcrumbList","@id":"https:\/\/kornygames.cz\/projekty\/#breadcrumb","itemListElement":[{"@type":"ListItem","position":1,"name":"Dom\u016f","item":"https:\/\/kornygames.cz\/"},{"@type":"ListItem","position":2,"name":"Projekty"}]},{"@type":"WebSite","@id":"https:\/\/kornygames.cz\/#website","url":"https:\/\/kornygames.cz\/","name":"Korny Games","description":"v\u00fdvoj her a simul\u00e1tor\u016f","publisher":{"@id":"https:\/\/kornygames.cz\/#organization"},"potentialAction":[{"@type":"SearchAction","target":{"@type":"EntryPoint","urlTemplate":"https:\/\/kornygames.cz\/?s={search_term_string}"},"query-input":{"@type":"PropertyValueSpecification","valueRequired":true,"valueName":"search_term_string"}}],"inLanguage":"en-US"},{"@type":"Organization","@id":"https:\/\/kornygames.cz\/#organization","name":"Korny Games","url":"https:\/\/kornygames.cz\/","logo":{"@type":"ImageObject","inLanguage":"en-US","@id":"https:\/\/kornygames.cz\/#\/schema\/logo\/image\/","url":"https:\/\/kornygames.cz\/wp-content\/uploads\/2025\/02\/korny_fnl-kopie.png","contentUrl":"https:\/\/kornygames.cz\/wp-content\/uploads\/2025\/02\/korny_fnl-kopie.png","width":1094,"height":164,"caption":"Korny Games"},"image":{"@id":"https:\/\/kornygames.cz\/#\/schema\/logo\/image\/"}}]}},"_links":{"self":[{"href":"https:\/\/kornygames.cz\/en\/wp-json\/wp\/v2\/pages\/19","targetHints":{"allow":["GET"]}}],"collection":[{"href":"https:\/\/kornygames.cz\/en\/wp-json\/wp\/v2\/pages"}],"about":[{"href":"https:\/\/kornygames.cz\/en\/wp-json\/wp\/v2\/types\/page"}],"author":[{"embeddable":true,"href":"https:\/\/kornygames.cz\/en\/wp-json\/wp\/v2\/users\/1"}],"replies":[{"embeddable":true,"href":"https:\/\/kornygames.cz\/en\/wp-json\/wp\/v2\/comments?post=19"}],"version-history":[{"count":49,"href":"https:\/\/kornygames.cz\/en\/wp-json\/wp\/v2\/pages\/19\/revisions"}],"predecessor-version":[{"id":378,"href":"https:\/\/kornygames.cz\/en\/wp-json\/wp\/v2\/pages\/19\/revisions\/378"}],"wp:attachment":[{"href":"https:\/\/kornygames.cz\/en\/wp-json\/wp\/v2\/media?parent=19"}],"curies":[{"name":"wp","href":"https:\/\/api.w.org\/{rel}","templated":true}]}}