{"id":21,"date":"2025-02-24T15:24:32","date_gmt":"2025-02-24T14:24:32","guid":{"rendered":"https:\/\/kornygames.cz\/?page_id=21"},"modified":"2026-02-27T11:40:50","modified_gmt":"2026-02-27T10:40:50","slug":"clenove-tymu","status":"publish","type":"page","link":"https:\/\/kornygames.cz\/en\/clenove-tymu\/","title":{"rendered":"\u010clenov\u00e9 t\u00fdmu"},"content":{"rendered":"<div data-elementor-type=\"wp-page\" data-elementor-id=\"21\" class=\"elementor elementor-21\" data-elementor-post-type=\"page\">\n\t\t\t\t<div class=\"elementor-element elementor-element-8fc987a e-flex e-con-boxed e-con e-parent\" data-id=\"8fc987a\" data-element_type=\"container\" data-e-type=\"container\">\n\t\t\t\t\t<div class=\"e-con-inner\">\n\t\t\t\t<div class=\"elementor-element elementor-element-528bab5 elementor-widget elementor-widget-heading\" data-id=\"528bab5\" data-element_type=\"widget\" data-e-type=\"widget\" data-widget_type=\"heading.default\">\n\t\t\t\t<div class=\"elementor-widget-container\">\n\t\t\t\t\t<h2 class=\"elementor-heading-title elementor-size-default\">LP95<\/h2>\t\t\t\t<\/div>\n\t\t\t\t<\/div>\n\t\t\t\t\t<\/div>\n\t\t\t\t<\/div>\n\t\t<div class=\"elementor-element elementor-element-eafb46d e-flex e-con-boxed e-con e-parent\" data-id=\"eafb46d\" data-element_type=\"container\" data-e-type=\"container\">\n\t\t\t\t\t<div class=\"e-con-inner\">\n\t\t<div class=\"elementor-element elementor-element-5661a25 e-con-full e-flex e-con e-child\" data-id=\"5661a25\" data-element_type=\"container\" data-e-type=\"container\">\n\t\t\t\t<div class=\"elementor-element elementor-element-3c478f5 elementor-widget elementor-widget-image\" data-id=\"3c478f5\" data-element_type=\"widget\" data-e-type=\"widget\" data-widget_type=\"image.default\">\n\t\t\t\t<div class=\"elementor-widget-container\">\n\t\t\t\t\t\t\t\t\t\t\t\t\t\t\t<img fetchpriority=\"high\" decoding=\"async\" width=\"220\" height=\"330\" src=\"https:\/\/kornygames.cz\/wp-content\/uploads\/2025\/09\/lp95.jpg\" class=\"attachment-large size-large wp-image-362\" alt=\"\" srcset=\"https:\/\/kornygames.cz\/wp-content\/uploads\/2025\/09\/lp95.jpg 220w, https:\/\/kornygames.cz\/wp-content\/uploads\/2025\/09\/lp95-200x300.jpg 200w, https:\/\/kornygames.cz\/wp-content\/uploads\/2025\/09\/lp95-8x12.jpg 8w\" sizes=\"(max-width: 220px) 100vw, 220px\" \/>\t\t\t\t\t\t\t\t\t\t\t\t\t\t\t<\/div>\n\t\t\t\t<\/div>\n\t\t\t\t<\/div>\n\t\t<div class=\"elementor-element elementor-element-0ee1343 e-con-full e-flex e-con e-child\" data-id=\"0ee1343\" data-element_type=\"container\" data-e-type=\"container\">\n\t\t<div class=\"elementor-element elementor-element-a84c54d e-con-full e-flex e-con e-child\" data-id=\"a84c54d\" data-element_type=\"container\" data-e-type=\"container\">\n\t\t\t\t<div class=\"elementor-element elementor-element-da8a9f6 elementor-widget elementor-widget-text-editor\" data-id=\"da8a9f6\" data-element_type=\"widget\" data-e-type=\"widget\" data-widget_type=\"text-editor.default\">\n\t\t\t\t<div class=\"elementor-widget-container\">\n\t\t\t\t\t\t\t\t\t<p>BIO:<\/p><ul><li>30 let<\/li><li>Vizion\u00e1\u0159<\/li><li>Milovn\u00edk simul\u00e1tor\u016f<\/li><\/ul>\t\t\t\t\t\t\t\t<\/div>\n\t\t\t\t<\/div>\n\t\t\t\t<\/div>\n\t\t\t\t<div class=\"elementor-element elementor-element-cfd291d elementor-widget-divider--view-line elementor-widget elementor-widget-divider\" data-id=\"cfd291d\" data-element_type=\"widget\" data-e-type=\"widget\" data-widget_type=\"divider.default\">\n\t\t\t\t<div class=\"elementor-widget-container\">\n\t\t\t\t\t\t\t<div class=\"elementor-divider\">\n\t\t\t<span class=\"elementor-divider-separator\">\n\t\t\t\t\t\t<\/span>\n\t\t<\/div>\n\t\t\t\t\t\t<\/div>\n\t\t\t\t<\/div>\n\t\t<div class=\"elementor-element elementor-element-3b6b1c1 e-con-full e-flex e-con e-child\" data-id=\"3b6b1c1\" data-element_type=\"container\" data-e-type=\"container\">\n\t\t\t\t<div class=\"elementor-element elementor-element-bb5e2e5 elementor-widget elementor-widget-text-editor\" data-id=\"bb5e2e5\" data-element_type=\"widget\" data-e-type=\"widget\" data-widget_type=\"text-editor.default\">\n\t\t\t\t<div class=\"elementor-widget-container\">\n\t\t\t\t\t\t\t\t\t<p>Funkce:<\/p><ul><li>3D design<\/li><li>Textury<\/li><li>Grafika<\/li><li>Vedouc\u00ed\/zakladatel projektu<\/li><\/ul>\t\t\t\t\t\t\t\t<\/div>\n\t\t\t\t<\/div>\n\t\t\t\t<\/div>\n\t\t\t\t<\/div>\n\t\t\t\t\t<\/div>\n\t\t\t\t<\/div>\n\t\t<div class=\"elementor-element elementor-element-f3b63cf e-flex e-con-boxed e-con e-parent\" data-id=\"f3b63cf\" data-element_type=\"container\" data-e-type=\"container\">\n\t\t\t\t\t<div class=\"e-con-inner\">\n\t\t\t\t<div class=\"elementor-element elementor-element-c7ee215 elementor-widget elementor-widget-heading\" data-id=\"c7ee215\" data-element_type=\"widget\" data-e-type=\"widget\" data-widget_type=\"heading.default\">\n\t\t\t\t<div class=\"elementor-widget-container\">\n\t\t\t\t\t<h2 class=\"elementor-heading-title elementor-size-default\">SHPEK<\/h2>\t\t\t\t<\/div>\n\t\t\t\t<\/div>\n\t\t\t\t\t<\/div>\n\t\t\t\t<\/div>\n\t\t<div class=\"elementor-element elementor-element-5b2a90c e-flex e-con-boxed e-con e-parent\" data-id=\"5b2a90c\" data-element_type=\"container\" data-e-type=\"container\">\n\t\t\t\t\t<div class=\"e-con-inner\">\n\t\t<div class=\"elementor-element elementor-element-0a3e594 e-con-full e-flex e-con e-child\" data-id=\"0a3e594\" data-element_type=\"container\" data-e-type=\"container\">\n\t\t\t\t<div class=\"elementor-element elementor-element-1802e98 elementor-widget elementor-widget-image\" data-id=\"1802e98\" data-element_type=\"widget\" data-e-type=\"widget\" data-widget_type=\"image.default\">\n\t\t\t\t<div class=\"elementor-widget-container\">\n\t\t\t\t\t\t\t\t\t\t\t\t\t\t\t<img decoding=\"async\" width=\"210\" height=\"330\" src=\"https:\/\/kornygames.cz\/wp-content\/uploads\/2025\/02\/Edwin_Odesseiron_EDWIN_Portrait_BG1.png\" class=\"attachment-large size-large wp-image-290\" alt=\"\" srcset=\"https:\/\/kornygames.cz\/wp-content\/uploads\/2025\/02\/Edwin_Odesseiron_EDWIN_Portrait_BG1.png 210w, https:\/\/kornygames.cz\/wp-content\/uploads\/2025\/02\/Edwin_Odesseiron_EDWIN_Portrait_BG1-191x300.png 191w, https:\/\/kornygames.cz\/wp-content\/uploads\/2025\/02\/Edwin_Odesseiron_EDWIN_Portrait_BG1-8x12.png 8w\" sizes=\"(max-width: 210px) 100vw, 210px\" \/>\t\t\t\t\t\t\t\t\t\t\t\t\t\t\t<\/div>\n\t\t\t\t<\/div>\n\t\t\t\t<\/div>\n\t\t<div class=\"elementor-element elementor-element-d8a3956 e-con-full e-flex e-con e-child\" data-id=\"d8a3956\" data-element_type=\"container\" data-e-type=\"container\">\n\t\t<div class=\"elementor-element elementor-element-fb42b1c e-con-full e-flex e-con e-child\" data-id=\"fb42b1c\" data-element_type=\"container\" data-e-type=\"container\">\n\t\t\t\t<div class=\"elementor-element elementor-element-7182e3c elementor-widget elementor-widget-text-editor\" data-id=\"7182e3c\" data-element_type=\"widget\" data-e-type=\"widget\" data-widget_type=\"text-editor.default\">\n\t\t\t\t<div class=\"elementor-widget-container\">\n\t\t\t\t\t\t\t\t\t<p>BIO:<\/p><ul><li>34 let<\/li><li>Spr\u00e1vce virtualiza\u010dn\u00ed farmy<\/li><li>Milovn\u00edk RPG her a simul\u00e1tor\u016f<\/li><\/ul>\t\t\t\t\t\t\t\t<\/div>\n\t\t\t\t<\/div>\n\t\t\t\t<\/div>\n\t\t\t\t<div class=\"elementor-element elementor-element-9abc2fb elementor-widget-divider--view-line elementor-widget elementor-widget-divider\" data-id=\"9abc2fb\" data-element_type=\"widget\" data-e-type=\"widget\" data-widget_type=\"divider.default\">\n\t\t\t\t<div class=\"elementor-widget-container\">\n\t\t\t\t\t\t\t<div class=\"elementor-divider\">\n\t\t\t<span class=\"elementor-divider-separator\">\n\t\t\t\t\t\t<\/span>\n\t\t<\/div>\n\t\t\t\t\t\t<\/div>\n\t\t\t\t<\/div>\n\t\t<div class=\"elementor-element elementor-element-fd57930 e-con-full e-flex e-con e-child\" data-id=\"fd57930\" data-element_type=\"container\" data-e-type=\"container\">\n\t\t\t\t<div class=\"elementor-element elementor-element-7cd3dfa elementor-widget elementor-widget-text-editor\" data-id=\"7cd3dfa\" data-element_type=\"widget\" data-e-type=\"widget\" data-widget_type=\"text-editor.default\">\n\t\t\t\t<div class=\"elementor-widget-container\">\n\t\t\t\t\t\t\t\t\t<p>Funkce:<\/p><ul><li>spr\u00e1vce webu, Discordu a soc. s\u00edt\u00ed<\/li><li>zvuka\u0159<\/li><li>administrativa<\/li><li>management<\/li><\/ul>\t\t\t\t\t\t\t\t<\/div>\n\t\t\t\t<\/div>\n\t\t\t\t<\/div>\n\t\t\t\t<\/div>\n\t\t\t\t\t<\/div>\n\t\t\t\t<\/div>\n\t\t<div class=\"elementor-element elementor-element-05be9ec e-flex e-con-boxed e-con e-parent\" data-id=\"05be9ec\" data-element_type=\"container\" data-e-type=\"container\">\n\t\t\t\t\t<div class=\"e-con-inner\">\n\t\t\t\t<div class=\"elementor-element elementor-element-0bbd177 elementor-widget elementor-widget-heading\" data-id=\"0bbd177\" data-element_type=\"widget\" data-e-type=\"widget\" data-widget_type=\"heading.default\">\n\t\t\t\t<div class=\"elementor-widget-container\">\n\t\t\t\t\t<h2 class=\"elementor-heading-title elementor-size-default\">BryttHis<\/h2>\t\t\t\t<\/div>\n\t\t\t\t<\/div>\n\t\t\t\t\t<\/div>\n\t\t\t\t<\/div>\n\t\t<div class=\"elementor-element elementor-element-b4f1aeb e-flex e-con-boxed e-con e-parent\" data-id=\"b4f1aeb\" data-element_type=\"container\" data-e-type=\"container\">\n\t\t\t\t\t<div class=\"e-con-inner\">\n\t\t<div class=\"elementor-element elementor-element-62e3528 e-con-full e-flex e-con e-child\" data-id=\"62e3528\" data-element_type=\"container\" data-e-type=\"container\">\n\t\t\t\t<div class=\"elementor-element elementor-element-5600c0b elementor-widget elementor-widget-image\" data-id=\"5600c0b\" data-element_type=\"widget\" data-e-type=\"widget\" data-widget_type=\"image.default\">\n\t\t\t\t<div class=\"elementor-widget-container\">\n\t\t\t\t\t\t\t\t\t\t\t\t\t\t\t<img decoding=\"async\" width=\"211\" height=\"330\" src=\"https:\/\/kornygames.cz\/wp-content\/uploads\/2025\/04\/brytthis.jpg\" class=\"attachment-large size-large wp-image-333\" alt=\"\" srcset=\"https:\/\/kornygames.cz\/wp-content\/uploads\/2025\/04\/brytthis.jpg 211w, https:\/\/kornygames.cz\/wp-content\/uploads\/2025\/04\/brytthis-192x300.jpg 192w, https:\/\/kornygames.cz\/wp-content\/uploads\/2025\/04\/brytthis-8x12.jpg 8w\" sizes=\"(max-width: 211px) 100vw, 211px\" \/>\t\t\t\t\t\t\t\t\t\t\t\t\t\t\t<\/div>\n\t\t\t\t<\/div>\n\t\t\t\t<\/div>\n\t\t<div class=\"elementor-element elementor-element-b25a741 e-con-full e-flex e-con e-child\" data-id=\"b25a741\" data-element_type=\"container\" data-e-type=\"container\">\n\t\t<div class=\"elementor-element elementor-element-7814432 e-con-full e-flex e-con e-child\" data-id=\"7814432\" data-element_type=\"container\" data-e-type=\"container\">\n\t\t\t\t<div class=\"elementor-element elementor-element-aaa8f2d elementor-widget elementor-widget-text-editor\" data-id=\"aaa8f2d\" data-element_type=\"widget\" data-e-type=\"widget\" data-widget_type=\"text-editor.default\">\n\t\t\t\t<div class=\"elementor-widget-container\">\n\t\t\t\t\t\t\t\t\t<p>BIO:<\/p><ul><li>29 let<\/li><li>Program\u00e1tor a analytik<\/li><li>FPS, strategie, RPG<\/li><\/ul>\t\t\t\t\t\t\t\t<\/div>\n\t\t\t\t<\/div>\n\t\t\t\t<\/div>\n\t\t\t\t<div class=\"elementor-element elementor-element-0be393c elementor-widget-divider--view-line elementor-widget elementor-widget-divider\" data-id=\"0be393c\" data-element_type=\"widget\" data-e-type=\"widget\" data-widget_type=\"divider.default\">\n\t\t\t\t<div class=\"elementor-widget-container\">\n\t\t\t\t\t\t\t<div class=\"elementor-divider\">\n\t\t\t<span class=\"elementor-divider-separator\">\n\t\t\t\t\t\t<\/span>\n\t\t<\/div>\n\t\t\t\t\t\t<\/div>\n\t\t\t\t<\/div>\n\t\t<div class=\"elementor-element elementor-element-cbf4e26 e-con-full e-flex e-con e-child\" data-id=\"cbf4e26\" data-element_type=\"container\" data-e-type=\"container\">\n\t\t\t\t<div class=\"elementor-element elementor-element-a4851d7 elementor-widget elementor-widget-text-editor\" data-id=\"a4851d7\" data-element_type=\"widget\" data-e-type=\"widget\" data-widget_type=\"text-editor.default\">\n\t\t\t\t<div class=\"elementor-widget-container\">\n\t\t\t\t\t\t\t\t\t<p>Funkce:<\/p><ul><li>program\u00e1tor<\/li><li>pr\u00e1ce v UE5<\/li><li>architektura<\/li><li>spolupr\u00e1ce na modelech<\/li><\/ul>\t\t\t\t\t\t\t\t<\/div>\n\t\t\t\t<\/div>\n\t\t\t\t<\/div>\n\t\t\t\t<\/div>\n\t\t\t\t\t<\/div>\n\t\t\t\t<\/div>\n\t\t\t\t<\/div>","protected":false},"excerpt":{"rendered":"<p>LP95 BIO: 30 let Vizion\u00e1\u0159 Milovn\u00edk simul\u00e1tor\u016f Funkce: 3D design Textury Grafika Vedouc\u00ed\/zakladatel projektu SHPEK BIO: 34 let Spr\u00e1vce virtualiza\u010dn\u00ed farmy Milovn\u00edk RPG her a simul\u00e1tor\u016f Funkce: spr\u00e1vce webu, Discordu a soc. s\u00edt\u00ed zvuka\u0159 administrativa management BryttHis BIO: 29 let Program\u00e1tor a analytik FPS, strategie, RPG Funkce: program\u00e1tor pr\u00e1ce v UE5 architektura spolupr\u00e1ce na modelech<\/p>","protected":false},"author":1,"featured_media":0,"parent":0,"menu_order":0,"comment_status":"closed","ping_status":"closed","template":"","meta":{"footnotes":""},"class_list":["post-21","page","type-page","status-publish","hentry"],"yoast_head":"<!-- This site is optimized with the Yoast SEO Premium plugin v25.6 (Yoast SEO v27.0) - https:\/\/yoast.com\/product\/yoast-seo-premium-wordpress\/ -->\n<title>\u010clenov\u00e9 t\u00fdmu - Korny Games<\/title>\n<meta name=\"robots\" content=\"index, follow, max-snippet:-1, max-image-preview:large, max-video-preview:-1\" \/>\n<link rel=\"canonical\" href=\"https:\/\/kornygames.cz\/en\/clenove-tymu\/\" \/>\n<meta property=\"og:locale\" content=\"en_US\" \/>\n<meta property=\"og:type\" content=\"article\" \/>\n<meta property=\"og:title\" content=\"\u010clenov\u00e9 t\u00fdmu\" \/>\n<meta property=\"og:description\" content=\"LP95 BIO: 30 let Vizion\u00e1\u0159 Milovn\u00edk simul\u00e1tor\u016f Funkce: 3D design Textury Grafika Vedouc\u00ed\/zakladatel projektu SHPEK BIO: 34 let Spr\u00e1vce virtualiza\u010dn\u00ed farmy Milovn\u00edk RPG her a simul\u00e1tor\u016f Funkce: spr\u00e1vce webu, Discordu a soc. s\u00edt\u00ed zvuka\u0159 administrativa management BryttHis BIO: 29 let Program\u00e1tor a analytik FPS, strategie, RPG Funkce: program\u00e1tor pr\u00e1ce v UE5 architektura spolupr\u00e1ce na modelech\" \/>\n<meta property=\"og:url\" content=\"https:\/\/kornygames.cz\/en\/clenove-tymu\/\" \/>\n<meta property=\"og:site_name\" content=\"Korny Games\" \/>\n<meta property=\"article:modified_time\" content=\"2026-02-27T10:40:50+00:00\" \/>\n<meta property=\"og:image\" content=\"https:\/\/kornygames.cz\/wp-content\/uploads\/2025\/09\/lp95.jpg\" \/>\n\t<meta property=\"og:image:width\" content=\"220\" \/>\n\t<meta property=\"og:image:height\" content=\"330\" \/>\n\t<meta property=\"og:image:type\" content=\"image\/jpeg\" \/>\n<meta name=\"twitter:card\" content=\"summary_large_image\" \/>\n<meta name=\"twitter:label1\" content=\"Est. reading time\" \/>\n\t<meta name=\"twitter:data1\" content=\"1 minute\" \/>\n<script type=\"application\/ld+json\" class=\"yoast-schema-graph\">{\"@context\":\"https:\/\/schema.org\",\"@graph\":[{\"@type\":\"WebPage\",\"@id\":\"https:\/\/kornygames.cz\/clenove-tymu\/\",\"url\":\"https:\/\/kornygames.cz\/clenove-tymu\/\",\"name\":\"\u010clenov\u00e9 t\u00fdmu - Korny Games\",\"isPartOf\":{\"@id\":\"https:\/\/kornygames.cz\/#website\"},\"primaryImageOfPage\":{\"@id\":\"https:\/\/kornygames.cz\/clenove-tymu\/#primaryimage\"},\"image\":{\"@id\":\"https:\/\/kornygames.cz\/clenove-tymu\/#primaryimage\"},\"thumbnailUrl\":\"https:\/\/kornygames.cz\/wp-content\/uploads\/2025\/09\/lp95.jpg\",\"datePublished\":\"2025-02-24T14:24:32+00:00\",\"dateModified\":\"2026-02-27T10:40:50+00:00\",\"breadcrumb\":{\"@id\":\"https:\/\/kornygames.cz\/clenove-tymu\/#breadcrumb\"},\"inLanguage\":\"en-US\",\"potentialAction\":[{\"@type\":\"ReadAction\",\"target\":[\"https:\/\/kornygames.cz\/clenove-tymu\/\"]}]},{\"@type\":\"ImageObject\",\"inLanguage\":\"en-US\",\"@id\":\"https:\/\/kornygames.cz\/clenove-tymu\/#primaryimage\",\"url\":\"https:\/\/kornygames.cz\/wp-content\/uploads\/2025\/09\/lp95.jpg\",\"contentUrl\":\"https:\/\/kornygames.cz\/wp-content\/uploads\/2025\/09\/lp95.jpg\"},{\"@type\":\"BreadcrumbList\",\"@id\":\"https:\/\/kornygames.cz\/clenove-tymu\/#breadcrumb\",\"itemListElement\":[{\"@type\":\"ListItem\",\"position\":1,\"name\":\"Dom\u016f\",\"item\":\"https:\/\/kornygames.cz\/\"},{\"@type\":\"ListItem\",\"position\":2,\"name\":\"\u010clenov\u00e9 t\u00fdmu\"}]},{\"@type\":\"WebSite\",\"@id\":\"https:\/\/kornygames.cz\/#website\",\"url\":\"https:\/\/kornygames.cz\/\",\"name\":\"Korny Games\",\"description\":\"v\u00fdvoj her a simul\u00e1tor\u016f\",\"publisher\":{\"@id\":\"https:\/\/kornygames.cz\/#organization\"},\"potentialAction\":[{\"@type\":\"SearchAction\",\"target\":{\"@type\":\"EntryPoint\",\"urlTemplate\":\"https:\/\/kornygames.cz\/?s={search_term_string}\"},\"query-input\":{\"@type\":\"PropertyValueSpecification\",\"valueRequired\":true,\"valueName\":\"search_term_string\"}}],\"inLanguage\":\"en-US\"},{\"@type\":\"Organization\",\"@id\":\"https:\/\/kornygames.cz\/#organization\",\"name\":\"Korny Games\",\"url\":\"https:\/\/kornygames.cz\/\",\"logo\":{\"@type\":\"ImageObject\",\"inLanguage\":\"en-US\",\"@id\":\"https:\/\/kornygames.cz\/#\/schema\/logo\/image\/\",\"url\":\"https:\/\/kornygames.cz\/wp-content\/uploads\/2025\/02\/korny_fnl-kopie.png\",\"contentUrl\":\"https:\/\/kornygames.cz\/wp-content\/uploads\/2025\/02\/korny_fnl-kopie.png\",\"width\":1094,\"height\":164,\"caption\":\"Korny Games\"},\"image\":{\"@id\":\"https:\/\/kornygames.cz\/#\/schema\/logo\/image\/\"}}]}<\/script>\n<!-- \/ Yoast SEO Premium plugin. -->","yoast_head_json":{"title":"\u010clenov\u00e9 t\u00fdmu - Korny Games","robots":{"index":"index","follow":"follow","max-snippet":"max-snippet:-1","max-image-preview":"max-image-preview:large","max-video-preview":"max-video-preview:-1"},"canonical":"https:\/\/kornygames.cz\/en\/clenove-tymu\/","og_locale":"en_US","og_type":"article","og_title":"\u010clenov\u00e9 t\u00fdmu","og_description":"LP95 BIO: 30 let Vizion\u00e1\u0159 Milovn\u00edk simul\u00e1tor\u016f Funkce: 3D design Textury Grafika Vedouc\u00ed\/zakladatel projektu SHPEK BIO: 34 let Spr\u00e1vce virtualiza\u010dn\u00ed farmy Milovn\u00edk RPG her a simul\u00e1tor\u016f Funkce: spr\u00e1vce webu, Discordu a soc. s\u00edt\u00ed zvuka\u0159 administrativa management BryttHis BIO: 29 let Program\u00e1tor a analytik FPS, strategie, RPG Funkce: program\u00e1tor pr\u00e1ce v UE5 architektura spolupr\u00e1ce na modelech","og_url":"https:\/\/kornygames.cz\/en\/clenove-tymu\/","og_site_name":"Korny Games","article_modified_time":"2026-02-27T10:40:50+00:00","og_image":[{"width":220,"height":330,"url":"https:\/\/kornygames.cz\/wp-content\/uploads\/2025\/09\/lp95.jpg","type":"image\/jpeg"}],"twitter_card":"summary_large_image","twitter_misc":{"Est. reading time":"1 minute"},"schema":{"@context":"https:\/\/schema.org","@graph":[{"@type":"WebPage","@id":"https:\/\/kornygames.cz\/clenove-tymu\/","url":"https:\/\/kornygames.cz\/clenove-tymu\/","name":"\u010clenov\u00e9 t\u00fdmu - Korny Games","isPartOf":{"@id":"https:\/\/kornygames.cz\/#website"},"primaryImageOfPage":{"@id":"https:\/\/kornygames.cz\/clenove-tymu\/#primaryimage"},"image":{"@id":"https:\/\/kornygames.cz\/clenove-tymu\/#primaryimage"},"thumbnailUrl":"https:\/\/kornygames.cz\/wp-content\/uploads\/2025\/09\/lp95.jpg","datePublished":"2025-02-24T14:24:32+00:00","dateModified":"2026-02-27T10:40:50+00:00","breadcrumb":{"@id":"https:\/\/kornygames.cz\/clenove-tymu\/#breadcrumb"},"inLanguage":"en-US","potentialAction":[{"@type":"ReadAction","target":["https:\/\/kornygames.cz\/clenove-tymu\/"]}]},{"@type":"ImageObject","inLanguage":"en-US","@id":"https:\/\/kornygames.cz\/clenove-tymu\/#primaryimage","url":"https:\/\/kornygames.cz\/wp-content\/uploads\/2025\/09\/lp95.jpg","contentUrl":"https:\/\/kornygames.cz\/wp-content\/uploads\/2025\/09\/lp95.jpg"},{"@type":"BreadcrumbList","@id":"https:\/\/kornygames.cz\/clenove-tymu\/#breadcrumb","itemListElement":[{"@type":"ListItem","position":1,"name":"Dom\u016f","item":"https:\/\/kornygames.cz\/"},{"@type":"ListItem","position":2,"name":"\u010clenov\u00e9 t\u00fdmu"}]},{"@type":"WebSite","@id":"https:\/\/kornygames.cz\/#website","url":"https:\/\/kornygames.cz\/","name":"Korny Games","description":"v\u00fdvoj her a simul\u00e1tor\u016f","publisher":{"@id":"https:\/\/kornygames.cz\/#organization"},"potentialAction":[{"@type":"SearchAction","target":{"@type":"EntryPoint","urlTemplate":"https:\/\/kornygames.cz\/?s={search_term_string}"},"query-input":{"@type":"PropertyValueSpecification","valueRequired":true,"valueName":"search_term_string"}}],"inLanguage":"en-US"},{"@type":"Organization","@id":"https:\/\/kornygames.cz\/#organization","name":"Korny Games","url":"https:\/\/kornygames.cz\/","logo":{"@type":"ImageObject","inLanguage":"en-US","@id":"https:\/\/kornygames.cz\/#\/schema\/logo\/image\/","url":"https:\/\/kornygames.cz\/wp-content\/uploads\/2025\/02\/korny_fnl-kopie.png","contentUrl":"https:\/\/kornygames.cz\/wp-content\/uploads\/2025\/02\/korny_fnl-kopie.png","width":1094,"height":164,"caption":"Korny Games"},"image":{"@id":"https:\/\/kornygames.cz\/#\/schema\/logo\/image\/"}}]}},"_links":{"self":[{"href":"https:\/\/kornygames.cz\/en\/wp-json\/wp\/v2\/pages\/21","targetHints":{"allow":["GET"]}}],"collection":[{"href":"https:\/\/kornygames.cz\/en\/wp-json\/wp\/v2\/pages"}],"about":[{"href":"https:\/\/kornygames.cz\/en\/wp-json\/wp\/v2\/types\/page"}],"author":[{"embeddable":true,"href":"https:\/\/kornygames.cz\/en\/wp-json\/wp\/v2\/users\/1"}],"replies":[{"embeddable":true,"href":"https:\/\/kornygames.cz\/en\/wp-json\/wp\/v2\/comments?post=21"}],"version-history":[{"count":37,"href":"https:\/\/kornygames.cz\/en\/wp-json\/wp\/v2\/pages\/21\/revisions"}],"predecessor-version":[{"id":383,"href":"https:\/\/kornygames.cz\/en\/wp-json\/wp\/v2\/pages\/21\/revisions\/383"}],"wp:attachment":[{"href":"https:\/\/kornygames.cz\/en\/wp-json\/wp\/v2\/media?parent=21"}],"curies":[{"name":"wp","href":"https:\/\/api.w.org\/{rel}","templated":true}]}}